{"id":154,"date":"2019-09-23T11:12:53","date_gmt":"2019-09-23T11:12:53","guid":{"rendered":"https:\/\/the7.io\/construction\/?page_id=154"},"modified":"2021-04-25T10:55:13","modified_gmt":"2021-04-25T10:55:13","slug":"about-us","status":"publish","type":"page","link":"https:\/\/asr-baulogistik.de\/index.php\/about-us\/","title":{"rendered":"\u00dcber Uns"},"content":{"rendered":"<div class=\"wpb-content-wrapper\"><p>[vc_row type=&#8220;vc_default&#8220; margin_top=&#8220;5&#8243; margin_bottom=&#8220;15&#8243; css=&#8220;.vc_custom_1493829267800{padding-top: 70px !important;}&#8220;][vc_column offset=&#8220;vc_col-lg-6 vc_col-md-6 vc_col-xs-12&#8243; css=&#8220;.vc_custom_1493829169670{padding-bottom: 70px !important;}&#8220;]<div id=\"ultimate-heading-245869decdf97410a\" class=\"uvc-heading ult-adjust-bottom-margin ultimate-heading-245869decdf97410a uvc-1221 accent-border-color\" data-hspacer=\"line_only\"  data-halign=\"left\" style=\"text-align:left\"><div class=\"uvc-main-heading ult-responsive\"  data-ultimate-target='.uvc-heading.ultimate-heading-245869decdf97410a h2'  data-responsive-json-new='{\"font-size\":\"desktop:26px;\",\"line-height\":\"desktop:36px;\"}' ><h2 style=\"font-weight:bold;\">Wer Wir sind<\/h2><\/div><div class=\"uvc-heading-spacer line_only\" style=\"margin-top:15px;margin-bottom:50px;height:4px;\"><span class=\"uvc-headings-line\" style=\"border-style:solid;border-bottom-width:4px;border-color:;width:50px;\"><\/span><\/div><\/div><style type=\"text\/css\" data-type=\"the7_shortcodes-inline-css\">.shortcode-single-image-wrap.shortcode-single-image-bcf153798cceff051392fccd5461d2a2.enable-bg-rollover .rollover i,\n.shortcode-single-image-wrap.shortcode-single-image-bcf153798cceff051392fccd5461d2a2.enable-bg-rollover .rollover-video i {\n  background: -webkit-linear-gradient();\n  background: linear-gradient();\n}\n.shortcode-single-image-wrap.shortcode-single-image-bcf153798cceff051392fccd5461d2a2 .rollover-icon {\n  font-size: 32px;\n  color: #ffffff;\n  min-width: 44px;\n  min-height: 44px;\n  line-height: 44px;\n  border-radius: 100px;\n  border-style: solid;\n  border-width: 0px;\n}\n.dt-icon-bg-on.shortcode-single-image-wrap.shortcode-single-image-bcf153798cceff051392fccd5461d2a2 .rollover-icon {\n  background: rgba(255,255,255,0.3);\n  box-shadow: none;\n}<\/style><div class=\"shortcode-single-image-wrap shortcode-single-image-bcf153798cceff051392fccd5461d2a2 alignnone  vc_custom_1619011532541 enable-bg-rollover dt-icon-bg-off\" ><div class=\"shortcode-single-image\"><div class=\"fancy-media-wrap  layzr-bg\" style=\"\"><img fetchpriority=\"high\" decoding=\"async\" class=\"preload-me lazy-load aspect\" src=\"data:image\/svg+xml,%3Csvg%20xmlns%3D&#39;http%3A%2F%2Fwww.w3.org%2F2000%2Fsvg&#39;%20viewBox%3D&#39;0%200%201000%20500&#39;%2F%3E\" data-src=\"https:\/\/asr-baulogistik.de\/wp-content\/uploads\/2020\/01\/con002-scaled-1-1000x500.jpg\" data-srcset=\"https:\/\/asr-baulogistik.de\/wp-content\/uploads\/2020\/01\/con002-scaled-1-1000x500.jpg 1000w, https:\/\/asr-baulogistik.de\/wp-content\/uploads\/2020\/01\/con002-scaled-1-2000x1000.jpg 2000w\" loading=\"eager\" sizes=\"(max-width: 1000px) 100vw, 1000px\" width=\"1000\" height=\"500\"  data-dt-location=\"https:\/\/asr-baulogistik.de\/con002\/\" style=\"--ratio: 1000 \/ 500;\" alt=\"\" \/><\/div><\/div><\/div>[vc_column_text]<strong>Die Leistungen unseres Kerngesch\u00e4fts durch Planungsleistungen, Baustelleneinrichtung, Bewachungsleistungen und Entsorgungslogistik sowie weitere kundenorientierte Themen.<\/strong>[\/vc_column_text][\/vc_column][vc_column offset=&#8220;vc_col-lg-6 vc_col-md-6 vc_col-xs-12&#8243; css=&#8220;.vc_custom_1493829183360{padding-bottom: 70px !important;}&#8220;]<div id=\"ultimate-heading-763069decdf97604b\" class=\"uvc-heading ult-adjust-bottom-margin ultimate-heading-763069decdf97604b uvc-5892 accent-border-color\" data-hspacer=\"line_only\"  data-halign=\"left\" style=\"text-align:left\"><div class=\"uvc-main-heading ult-responsive\"  data-ultimate-target='.uvc-heading.ultimate-heading-763069decdf97604b h2'  data-responsive-json-new='{\"font-size\":\"desktop:26px;\",\"line-height\":\"desktop:36px;\"}' ><h2 style=\"font-weight:bold;\">Prinzipien unserer Arbeit<\/h2><\/div><div class=\"uvc-heading-spacer line_only\" style=\"margin-top:15px;margin-bottom:40px;height:4px;\"><span class=\"uvc-headings-line\" style=\"border-style:solid;border-bottom-width:4px;border-color:;width:50px;\"><\/span><\/div><\/div><div class=\"standard-number-list bullet-top\"><p><strong>Wie Wir auf der Baustelle arbeiten:<\/strong><\/p>\n<ul>\n<li>Kommunikation der Koordinator mit dem Bauherrn (Schriftverkehr, Kamera\u00fcberwachung)<\/li>\n<li>Kontrolle von Zutrittsberechtigungen und Erstellung von Baustellenausweise mit entsprechende Logistik-Software<\/li>\n<li>Kontrolle der Einhaltung der PSA bzw. der Baustellenordnung<\/li>\n<li>Entsorgungslogistik der Anlieferungen bzw. Koordination Containertausch<\/li>\n<li>Einhaltung Brandschutz\/Fluchtwege<\/li>\n<li>T\u00e4gliche Begehungen der Baustelle mit Fotodokumentation zur Verhinderung von Mi\u00dfbrauch.<\/li>\n<li>Eind\u00e4mmung von Verunreinigungen und Ermittlung jeweiliger Verursacher.<\/li>\n<li>Umsetzung jeglicher Regeln aus der Baustellenordnung\/Logistikhandbuch<\/li>\n<li>Regelm\u00e4\u00dfige Abstimmung der Anforderungen mit dem Bauherrn<\/li>\n<\/ul>\n<\/div>[vc_progress_bar values=&#8220;%5B%7B%22label%22%3A%22Planungsmanagment%22%2C%22value%22%3A%22100%22%2C%22color%22%3A%22custom%22%2C%22customcolor%22%3A%22%23ffc000%22%7D%2C%7B%22label%22%3A%22Strukturplan%20der%20Baumanegment%22%2C%22value%22%3A%22100%22%2C%22color%22%3A%22custom%22%2C%22customcolor%22%3A%22%23ffc000%22%7D%2C%7B%22label%22%3A%22Instandhaltung%20von%20Einrichtung%20%22%2C%22value%22%3A%2280%22%2C%22color%22%3A%22custom%22%2C%22customcolor%22%3A%22%23ffc000%22%7D%2C%7B%22label%22%3A%22Baustellen%20Finanzierung%22%2C%22value%22%3A%2260%22%2C%22color%22%3A%22custom%22%2C%22customcolor%22%3A%22%23ffc000%22%7D%2C%7B%22label%22%3A%22Einfluss%20der%20positiven%20Sicherheitsma%C3%9Fnahmen%20auf%20der%20Baustelle%22%2C%22value%22%3A%2280%22%2C%22color%22%3A%22custom%22%2C%22customcolor%22%3A%22%23ffc000%22%7D%5D&#8220; bgcolor=&#8220;custom&#8220; options=&#8220;striped&#8220; caption_pos=&#8220;top&#8220; bgstyle=&#8220;transparent&#8220; custombgcolor=&#8220;#eeee22&#8243;][\/vc_column][\/vc_row][vc_row bg_type=&#8220;bg_color&#8220; bg_override=&#8220;ex-full&#8220; type=&#8220;vc_default&#8220; css=&#8220;.vc_custom_1493828377672{padding-top: 70px !important;}&#8220; bg_color_value=&#8220;#f4f4f4&#8243;][vc_column offset=&#8220;vc_col-lg-8 vc_col-md-7 vc_col-xs-12&#8243; css=&#8220;.vc_custom_1493828780806{padding-bottom: 30px !important;}&#8220;][vc_row_inner css=&#8220;.vc_custom_1493828256311{padding-bottom: 20px !important;}&#8220;][vc_column_inner width=&#8220;2\/3&#8243; offset=&#8220;vc_col-lg-7 vc_col-md-7&#8243; css=&#8220;.vc_custom_1493828251033{padding-bottom: 30px !important;}&#8220;]<div id=\"ultimate-heading-467669decdf976216\" class=\"uvc-heading ult-adjust-bottom-margin ultimate-heading-467669decdf976216 uvc-2455 \" data-hspacer=\"no_spacer\"  data-halign=\"left\" style=\"text-align:left\"><div class=\"uvc-heading-spacer no_spacer\" style=\"top\"><\/div><div class=\"uvc-main-heading ult-responsive\"  data-ultimate-target='.uvc-heading.ultimate-heading-467669decdf976216 h2'  data-responsive-json-new='{\"font-size\":\"desktop:20px;\",\"line-height\":\"desktop:30px;\"}' ><h2 style=\"font-weight:bold;\">Unsere Pr\u00e4misse<\/h2><\/div><\/div>[vc_column_text css=&#8220;.vc_custom_1619009349714{padding-bottom: 20px !important;}&#8220;]<strong>Unsere Pr\u00e4misse ist es hochqualitative Angebote zu liefern, die auf den jeweiligen Kunden zugeschnitten und dennoch immer wirtschaftlich sind. Unser Ziel ist es, flexibel auf unterschiedlichste Situationen zu reagieren und dabei stets einen hohen Standard zu liefern. F\u00fcr uns z\u00e4hlen nicht hohe Auftragszahlen, sondern es ist die Qualit\u00e4t, die im Vordergrund steht. Dementsprechend erfolgt auch die Zusammensetzung unserer Teams, die aus qualifizierten, hochmotivierten Mitarbeitern mit unterschiedlichen Schwerpunkten besteht. Angesichts der variierenden Herausforderungen ist uns die st\u00e4ndige Weiterbildung unserer Angestellten wichtig. Wir stehen somit mit unserem Namen sowohl f\u00fcr Qualit\u00e4t als auch f\u00fcr Wirtschaftlichkeit.<\/strong>[\/vc_column_text][\/vc_column_inner][\/vc_row_inner][\/vc_column][\/vc_row]<\/p>\n<\/div>","protected":false},"excerpt":{"rendered":"<p>[vc_row type=&#8220;vc_default&#8220; margin_top=&#8220;5&#8243; margin_bottom=&#8220;15&#8243; css=&#8220;.vc_custom_1493829267800{padding-top: 70px !important;}&#8220;][vc_column offset=&#8220;vc_col-lg-6 vc_col-md-6 vc_col-xs-12&#8243; css=&#8220;.vc_custom_1493829169670{padding-bottom: 70px !important;}&#8220;][vc_column_text]Die Leistungen unseres Kerngesch\u00e4fts durch Planungsleistungen, Baustelleneinrichtung, Bewachungsleistungen und Entsorgungslogistik sowie weitere kundenorientierte Themen.[\/vc_column_text][\/vc_column][vc_column offset=&#8220;vc_col-lg-6 vc_col-md-6 vc_col-xs-12&#8243; css=&#8220;.vc_custom_1493829183360{padding-bottom: 70px !important;}&#8220;][vc_progress_bar values=&#8220;%5B%7B%22label%22%3A%22Planungsmanagment%22%2C%22value%22%3A%22100%22%2C%22color%22%3A%22custom%22%2C%22customcolor%22%3A%22%23ffc000%22%7D%2C%7B%22label%22%3A%22Strukturplan%20der%20Baumanegment%22%2C%22value%22%3A%22100%22%2C%22color%22%3A%22custom%22%2C%22customcolor%22%3A%22%23ffc000%22%7D%2C%7B%22label%22%3A%22Instandhaltung%20von%20Einrichtung%20%22%2C%22value%22%3A%2280%22%2C%22color%22%3A%22custom%22%2C%22customcolor%22%3A%22%23ffc000%22%7D%2C%7B%22label%22%3A%22Baustellen%20Finanzierung%22%2C%22value%22%3A%2260%22%2C%22color%22%3A%22custom%22%2C%22customcolor%22%3A%22%23ffc000%22%7D%2C%7B%22label%22%3A%22Einfluss%20der%20positiven%20Sicherheitsma%C3%9Fnahmen%20auf%20der%20Baustelle%22%2C%22value%22%3A%2280%22%2C%22color%22%3A%22custom%22%2C%22customcolor%22%3A%22%23ffc000%22%7D%5D&#8220; bgcolor=&#8220;custom&#8220; options=&#8220;striped&#8220; caption_pos=&#8220;top&#8220; bgstyle=&#8220;transparent&#8220; custombgcolor=&#8220;#eeee22&#8243;][\/vc_column][\/vc_row][vc_row bg_type=&#8220;bg_color&#8220; bg_override=&#8220;ex-full&#8220; type=&#8220;vc_default&#8220; css=&#8220;.vc_custom_1493828377672{padding-top: 70px !important;}&#8220; bg_color_value=&#8220;#f4f4f4&#8243;][vc_column offset=&#8220;vc_col-lg-8 vc_col-md-7 vc_col-xs-12&#8243; css=&#8220;.vc_custom_1493828780806{padding-bottom: 30px !important;}&#8220;][vc_row_inner css=&#8220;.vc_custom_1493828256311{padding-bottom: 20px !important;}&#8220;][vc_column_inner width=&#8220;2\/3&#8243;&hellip;<\/p>\n","protected":false},"author":1,"featured_media":0,"parent":0,"menu_order":1,"comment_status":"closed","ping_status":"closed","template":"","meta":{"footnotes":""},"class_list":["post-154","page","type-page","status-publish","hentry"],"jetpack_sharing_enabled":true,"_links":{"self":[{"href":"https:\/\/asr-baulogistik.de\/index.php\/wp-json\/wp\/v2\/pages\/154","targetHints":{"allow":["GET"]}}],"collection":[{"href":"https:\/\/asr-baulogistik.de\/index.php\/wp-json\/wp\/v2\/pages"}],"about":[{"href":"https:\/\/asr-baulogistik.de\/index.php\/wp-json\/wp\/v2\/types\/page"}],"author":[{"embeddable":true,"href":"https:\/\/asr-baulogistik.de\/index.php\/wp-json\/wp\/v2\/users\/1"}],"replies":[{"embeddable":true,"href":"https:\/\/asr-baulogistik.de\/index.php\/wp-json\/wp\/v2\/comments?post=154"}],"version-history":[{"count":10,"href":"https:\/\/asr-baulogistik.de\/index.php\/wp-json\/wp\/v2\/pages\/154\/revisions"}],"predecessor-version":[{"id":1503,"href":"https:\/\/asr-baulogistik.de\/index.php\/wp-json\/wp\/v2\/pages\/154\/revisions\/1503"}],"wp:attachment":[{"href":"https:\/\/asr-baulogistik.de\/index.php\/wp-json\/wp\/v2\/media?parent=154"}],"curies":[{"name":"wp","href":"https:\/\/api.w.org\/{rel}","templated":true}]}}