{"id":1435,"date":"2021-04-23T15:18:04","date_gmt":"2021-04-23T15:18:04","guid":{"rendered":"https:\/\/asr-baulogistik.de\/?page_id=1435"},"modified":"2021-04-26T11:29:17","modified_gmt":"2021-04-26T11:29:17","slug":"home-3","status":"publish","type":"page","link":"https:\/\/asr-baulogistik.de\/index.php\/wartungsarbeiten\/home-3\/","title":{"rendered":"Unsere Partner"},"content":{"rendered":"<div class=\"wpb-content-wrapper\"><p>[vc_row equal_height=&#8220;yes&#8220; type=&#8220;vc_default&#8220; css=&#8220;.vc_custom_1493832879938{padding-top: 70px !important;padding-bottom: 30px !important;}&#8220;][vc_column]<div id=\"ultimate-heading-67176a045891e10a0\" class=\"uvc-heading ult-adjust-bottom-margin ultimate-heading-67176a045891e10a0 uvc-7448 \" data-hspacer=\"no_spacer\"  data-halign=\"left\" style=\"text-align:left\"><div class=\"uvc-heading-spacer no_spacer\" style=\"top\"><\/div><div class=\"uvc-main-heading ult-responsive\"  data-ultimate-target='.uvc-heading.ultimate-heading-67176a045891e10a0 h3'  data-responsive-json-new='{\"font-size\":\"desktop:18px;\",\"line-height\":\"desktop:28px;\"}' ><h3 style=\"font-weight:bold;margin-bottom:10px;\">Unsere Partner<\/h3><\/div><\/div><style type=\"text\/css\" data-type=\"the7_shortcodes-inline-css\">.shortcode-single-image-wrap.shortcode-single-image-204d734eb66c7054e58dbdc96686e5ef.enable-bg-rollover .rollover i,\n.shortcode-single-image-wrap.shortcode-single-image-204d734eb66c7054e58dbdc96686e5ef.enable-bg-rollover .rollover-video i {\n  background: -webkit-linear-gradient();\n  background: linear-gradient();\n}\n.shortcode-single-image-wrap.shortcode-single-image-204d734eb66c7054e58dbdc96686e5ef .rollover-icon {\n  font-size: 32px;\n  color: #ffffff;\n  min-width: 44px;\n  min-height: 44px;\n  line-height: 44px;\n  border-radius: 100px;\n  border-style: solid;\n  border-width: 0px;\n}\n.dt-icon-bg-on.shortcode-single-image-wrap.shortcode-single-image-204d734eb66c7054e58dbdc96686e5ef .rollover-icon {\n  background: rgba(255,255,255,0.3);\n  box-shadow: none;\n}<\/style><div class=\"shortcode-single-image-wrap shortcode-single-image-204d734eb66c7054e58dbdc96686e5ef alignnone  vc_custom_1618774478348 enable-bg-rollover dt-icon-bg-off\" ><div class=\"shortcode-single-image\"><div class=\"fancy-media-wrap\" style=\"\"><a href=\"https:\/\/the7.io\/construction\/about-us\/partners\/\" class=\" layzr-bg rollover\" style=\"\" aria-label=\"Image\"><img fetchpriority=\"high\" decoding=\"async\" class=\"preload-me lazy-load aspect\" src=\"data:image\/svg+xml,%3Csvg%20xmlns%3D&#39;http%3A%2F%2Fwww.w3.org%2F2000%2Fsvg&#39;%20viewBox%3D&#39;0%200%20274%20183&#39;%2F%3E\" data-src=\"https:\/\/asr-baulogistik.de\/wp-content\/uploads\/2016\/06\/Container.jpg\" data-srcset=\"https:\/\/asr-baulogistik.de\/wp-content\/uploads\/2016\/06\/Container.jpg 274w\" loading=\"eager\" style=\"--ratio: 274 \/ 183\" sizes=\"(max-width: 274px) 100vw, 274px\" width=\"274\" height=\"183\"  data-dt-location=\"https:\/\/asr-baulogistik.de\/index.php\/dt_team\/bill-sanders\/container\/\" alt=\"\" \/><\/a><\/div><\/div><\/div><style type=\"text\/css\" data-type=\"the7_shortcodes-inline-css\">#default-btn-e647fe2dd31e8bf4fe14ac9486b6673d.ico-right-side > i {\n  margin-right: 0px;\n  margin-left: 8px;\n}\n#default-btn-e647fe2dd31e8bf4fe14ac9486b6673d > i {\n  margin-right: 8px;\n}<\/style><a href=\"http:\/\/the7.io\/construction\/about-us\/partners\/\" class=\"default-btn-shortcode dt-btn dt-btn-s link-hover-off btn-inline-left \" id=\"default-btn-e647fe2dd31e8bf4fe14ac9486b6673d\"><span>View Partners<\/span><\/a>[vc_column_text css=&#8220;.vc_custom_1618820740192{padding-bottom: 20px !important;}&#8220;]Wir kooperieren mit verschiedenen Gesch\u00e4ftspartnern auf unterschiedlichen Ebenen, um unsere Kunden und Gesch\u00e4fte stets zu optimieren.<\/p>\n<p>Unser Ziel ist es, flexibel auf unterschiedlichste Situationen zu reagieren, dabei best\u00e4ndig einen hohen Standard zu liefern und die Zufriedenheit der Kunden zu gew\u00e4hrleisten.[\/vc_column_text][\/vc_column][\/vc_row]<\/p>\n<\/div>","protected":false},"excerpt":{"rendered":"<p>[vc_row equal_height=&#8220;yes&#8220; type=&#8220;vc_default&#8220; css=&#8220;.vc_custom_1493832879938{padding-top: 70px !important;padding-bottom: 30px !important;}&#8220;][vc_column][vc_column_text css=&#8220;.vc_custom_1618820740192{padding-bottom: 20px !important;}&#8220;]Wir kooperieren mit verschiedenen Gesch\u00e4ftspartnern auf unterschiedlichen Ebenen, um unsere Kunden und Gesch\u00e4fte stets zu optimieren. Unser Ziel ist es, flexibel auf unterschiedlichste Situationen zu reagieren, dabei best\u00e4ndig einen hohen Standard zu liefern und die Zufriedenheit der Kunden zu gew\u00e4hrleisten.[\/vc_column_text][\/vc_column][\/vc_row]<\/p>\n","protected":false},"author":1,"featured_media":0,"parent":1235,"menu_order":0,"comment_status":"closed","ping_status":"closed","template":"","meta":{"footnotes":""},"class_list":["post-1435","page","type-page","status-publish","hentry"],"jetpack_sharing_enabled":true,"_links":{"self":[{"href":"https:\/\/asr-baulogistik.de\/index.php\/wp-json\/wp\/v2\/pages\/1435","targetHints":{"allow":["GET"]}}],"collection":[{"href":"https:\/\/asr-baulogistik.de\/index.php\/wp-json\/wp\/v2\/pages"}],"about":[{"href":"https:\/\/asr-baulogistik.de\/index.php\/wp-json\/wp\/v2\/types\/page"}],"author":[{"embeddable":true,"href":"https:\/\/asr-baulogistik.de\/index.php\/wp-json\/wp\/v2\/users\/1"}],"replies":[{"embeddable":true,"href":"https:\/\/asr-baulogistik.de\/index.php\/wp-json\/wp\/v2\/comments?post=1435"}],"version-history":[{"count":3,"href":"https:\/\/asr-baulogistik.de\/index.php\/wp-json\/wp\/v2\/pages\/1435\/revisions"}],"predecessor-version":[{"id":1542,"href":"https:\/\/asr-baulogistik.de\/index.php\/wp-json\/wp\/v2\/pages\/1435\/revisions\/1542"}],"up":[{"embeddable":true,"href":"https:\/\/asr-baulogistik.de\/index.php\/wp-json\/wp\/v2\/pages\/1235"}],"wp:attachment":[{"href":"https:\/\/asr-baulogistik.de\/index.php\/wp-json\/wp\/v2\/media?parent=1435"}],"curies":[{"name":"wp","href":"https:\/\/api.w.org\/{rel}","templated":true}]}}