{"id":1433,"date":"2021-04-23T15:17:56","date_gmt":"2021-04-23T15:17:56","guid":{"rendered":"https:\/\/asr-baulogistik.de\/?page_id=1433"},"modified":"2021-04-26T11:09:20","modified_gmt":"2021-04-26T11:09:20","slug":"home-2","status":"publish","type":"page","link":"https:\/\/asr-baulogistik.de\/index.php\/wartungsarbeiten\/home-2\/","title":{"rendered":"ASR-Kernleistung"},"content":{"rendered":"<div class=\"wpb-content-wrapper\"><p>[vc_row equal_height=&#8220;yes&#8220; type=&#8220;vc_default&#8220; css=&#8220;.vc_custom_1493832879938{padding-top: 70px !important;padding-bottom: 30px !important;}&#8220;][vc_column]<div id=\"ultimate-heading-734369dece217fdae\" class=\"uvc-heading ult-adjust-bottom-margin ultimate-heading-734369dece217fdae uvc-3132 \" data-hspacer=\"no_spacer\"  data-halign=\"left\" style=\"text-align:left\"><div class=\"uvc-heading-spacer no_spacer\" style=\"top\"><\/div><div class=\"uvc-main-heading ult-responsive\"  data-ultimate-target='.uvc-heading.ultimate-heading-734369dece217fdae h3'  data-responsive-json-new='{\"font-size\":\"desktop:18px;\",\"line-height\":\"desktop:28px;\"}' ><h3 style=\"font-weight:bold;margin-bottom:10px;\">ASR-Kernleistung<\/h3><\/div><\/div><style type=\"text\/css\" data-type=\"the7_shortcodes-inline-css\">.shortcode-single-image-wrap.shortcode-single-image-81751b312b5d645c7919a4b6e793621b.enable-bg-rollover .rollover i,\n.shortcode-single-image-wrap.shortcode-single-image-81751b312b5d645c7919a4b6e793621b.enable-bg-rollover .rollover-video i {\n  background: -webkit-linear-gradient();\n  background: linear-gradient();\n}\n.shortcode-single-image-wrap.shortcode-single-image-81751b312b5d645c7919a4b6e793621b .rollover-icon {\n  font-size: 32px;\n  color: #ffffff;\n  min-width: 44px;\n  min-height: 44px;\n  line-height: 44px;\n  border-radius: 100px;\n  border-style: solid;\n  border-width: 0px;\n}\n.dt-icon-bg-on.shortcode-single-image-wrap.shortcode-single-image-81751b312b5d645c7919a4b6e793621b .rollover-icon {\n  background: rgba(255,255,255,0.3);\n  box-shadow: none;\n}<\/style><div class=\"shortcode-single-image-wrap shortcode-single-image-81751b312b5d645c7919a4b6e793621b alignnone  vc_custom_1618749250837 enable-bg-rollover dt-icon-bg-off\" ><div class=\"shortcode-single-image\"><div class=\"fancy-media-wrap\" style=\"\"><a href=\"https:\/\/the7.io\/construction\/about-us\/\" class=\" layzr-bg rollover\" style=\"\" aria-label=\"Image\"><img fetchpriority=\"high\" decoding=\"async\" class=\"preload-me lazy-load aspect\" src=\"data:image\/svg+xml,%3Csvg%20xmlns%3D&#39;http%3A%2F%2Fwww.w3.org%2F2000%2Fsvg&#39;%20viewBox%3D&#39;0%200%20900%20600&#39;%2F%3E\" data-src=\"https:\/\/asr-baulogistik.de\/wp-content\/uploads\/2016\/06\/25278_50064-900x600.jpg\" data-srcset=\"https:\/\/asr-baulogistik.de\/wp-content\/uploads\/2016\/06\/25278_50064-900x600.jpg 900w, https:\/\/asr-baulogistik.de\/wp-content\/uploads\/2016\/06\/25278_50064.jpg 1180w\" loading=\"eager\" style=\"--ratio: 900 \/ 600\" sizes=\"(max-width: 900px) 100vw, 900px\" width=\"900\" height=\"600\"  data-dt-location=\"https:\/\/asr-baulogistik.de\/index.php\/dt_team\/bill-sanders\/25278_50064\/\" alt=\"\" \/><\/a><\/div><\/div><\/div>[vc_column_text css=&#8220;.vc_custom_1618821246863{padding-bottom: 20px !important;}&#8220;]Seit seiner Gr\u00fcndung im Jahr 2019 hat sich ASR zu einem mittelst\u00e4ndischen Unternehmen mit mehr als 15 Mitarbeitern und zu einem der f\u00fchrenden Anbieter von Baulogistik in Deutschland entwickelt. Neben dem Hauptsitz in M\u00fcnchen ist ASR mit Standort in Stuttgart, vertreten. Zu den Kernkompetenzen des Unternehmens geh\u00f6ren die Planung, Ausr\u00fcstung sowie der Betrieb und die logistische Steuerung von Gro\u00dfbaustellen. Erg\u00e4nzt werden die Leistungen unseres Kerngesch\u00e4fts durch Planungsleistungen, Baustelleneinrichtung und Bewachungsleistungen, sowie weitere kundenorientierte Themen.[\/vc_column_text]<style type=\"text\/css\" data-type=\"the7_shortcodes-inline-css\">#default-btn-85ac9262a755ad157617925a246cdef6.ico-right-side > i {\n  margin-right: 0px;\n  margin-left: 8px;\n}\n#default-btn-85ac9262a755ad157617925a246cdef6 > i {\n  margin-right: 8px;\n}<\/style><a href=\"http:\/\/the7.io\/construction\/dt_slideshow\/about-us\/\" class=\"default-btn-shortcode dt-btn dt-btn-s link-hover-off btn-inline-left \" id=\"default-btn-85ac9262a755ad157617925a246cdef6\"><span>About Us<\/span><\/a>[\/vc_column][\/vc_row]<\/p>\n<\/div>","protected":false},"excerpt":{"rendered":"<p>[vc_row equal_height=&#8220;yes&#8220; type=&#8220;vc_default&#8220; css=&#8220;.vc_custom_1493832879938{padding-top: 70px !important;padding-bottom: 30px !important;}&#8220;][vc_column][vc_column_text css=&#8220;.vc_custom_1618821246863{padding-bottom: 20px !important;}&#8220;]Seit seiner Gr\u00fcndung im Jahr 2019 hat sich ASR zu einem mittelst\u00e4ndischen Unternehmen mit mehr als 15 Mitarbeitern und zu einem der f\u00fchrenden Anbieter von Baulogistik in Deutschland entwickelt. Neben dem Hauptsitz in M\u00fcnchen ist ASR mit Standort in Stuttgart, vertreten. Zu den Kernkompetenzen des&hellip;<\/p>\n","protected":false},"author":1,"featured_media":0,"parent":1235,"menu_order":0,"comment_status":"closed","ping_status":"closed","template":"","meta":{"footnotes":""},"class_list":["post-1433","page","type-page","status-publish","hentry"],"jetpack_sharing_enabled":true,"_links":{"self":[{"href":"https:\/\/asr-baulogistik.de\/index.php\/wp-json\/wp\/v2\/pages\/1433","targetHints":{"allow":["GET"]}}],"collection":[{"href":"https:\/\/asr-baulogistik.de\/index.php\/wp-json\/wp\/v2\/pages"}],"about":[{"href":"https:\/\/asr-baulogistik.de\/index.php\/wp-json\/wp\/v2\/types\/page"}],"author":[{"embeddable":true,"href":"https:\/\/asr-baulogistik.de\/index.php\/wp-json\/wp\/v2\/users\/1"}],"replies":[{"embeddable":true,"href":"https:\/\/asr-baulogistik.de\/index.php\/wp-json\/wp\/v2\/comments?post=1433"}],"version-history":[{"count":3,"href":"https:\/\/asr-baulogistik.de\/index.php\/wp-json\/wp\/v2\/pages\/1433\/revisions"}],"predecessor-version":[{"id":1540,"href":"https:\/\/asr-baulogistik.de\/index.php\/wp-json\/wp\/v2\/pages\/1433\/revisions\/1540"}],"up":[{"embeddable":true,"href":"https:\/\/asr-baulogistik.de\/index.php\/wp-json\/wp\/v2\/pages\/1235"}],"wp:attachment":[{"href":"https:\/\/asr-baulogistik.de\/index.php\/wp-json\/wp\/v2\/media?parent=1433"}],"curies":[{"name":"wp","href":"https:\/\/api.w.org\/{rel}","templated":true}]}}