{"id":1416,"date":"2021-04-23T14:47:13","date_gmt":"2021-04-23T14:47:13","guid":{"rendered":"https:\/\/asr-baulogistik.de\/?page_id=1416"},"modified":"2021-04-24T11:40:28","modified_gmt":"2021-04-24T11:40:28","slug":"planungsmanagement","status":"publish","type":"page","link":"https:\/\/asr-baulogistik.de\/index.php\/wartungsarbeiten\/planungsmanagement\/","title":{"rendered":"Planungsmanagement"},"content":{"rendered":"<div class=\"wpb-content-wrapper\"><p>[vc_row equal_height=&#8220;yes&#8220; type=&#8220;vc_default&#8220; css=&#8220;.vc_custom_1493832879938{padding-top: 70px !important;padding-bottom: 30px !important;}&#8220;][vc_column]<style type=\"text\/css\" data-type=\"the7_shortcodes-inline-css\">.shortcode-single-image-wrap.shortcode-single-image-2abd62da2ab0346314f9d2c507241ffc.enable-bg-rollover .rollover i,\n.shortcode-single-image-wrap.shortcode-single-image-2abd62da2ab0346314f9d2c507241ffc.enable-bg-rollover .rollover-video i {\n  background: -webkit-linear-gradient();\n  background: linear-gradient();\n}\n.shortcode-single-image-wrap.shortcode-single-image-2abd62da2ab0346314f9d2c507241ffc .rollover-icon {\n  font-size: 32px;\n  color: #ffffff;\n  min-width: 44px;\n  min-height: 44px;\n  line-height: 44px;\n  border-radius: 100px;\n  border-style: solid;\n  border-width: 0px;\n}\n.dt-icon-bg-on.shortcode-single-image-wrap.shortcode-single-image-2abd62da2ab0346314f9d2c507241ffc .rollover-icon {\n  background: rgba(255,255,255,0.3);\n  box-shadow: none;\n}<\/style><div class=\"shortcode-single-image-wrap shortcode-single-image-2abd62da2ab0346314f9d2c507241ffc alignnone  enable-bg-rollover dt-icon-bg-off\" style=\"margin-top:0px; margin-bottom:0px; margin-left:0px; margin-right:0px; width:500px;\"><div class=\"shortcode-single-image\"><div class=\"fancy-media-wrap  layzr-bg\" style=\"\"><img fetchpriority=\"high\" decoding=\"async\" class=\"preload-me lazy-load aspect\" src=\"data:image\/svg+xml,%3Csvg%20xmlns%3D&#39;http%3A%2F%2Fwww.w3.org%2F2000%2Fsvg&#39;%20viewBox%3D&#39;0%200%20500%20333&#39;%2F%3E\" data-src=\"https:\/\/asr-baulogistik.de\/wp-content\/uploads\/revslider\/the7-construction-slider\/con0081-500x333.jpg\" data-srcset=\"https:\/\/asr-baulogistik.de\/wp-content\/uploads\/revslider\/the7-construction-slider\/con0081-500x333.jpg 500w, https:\/\/asr-baulogistik.de\/wp-content\/uploads\/revslider\/the7-construction-slider\/con0081-1000x666.jpg 1000w\" loading=\"eager\" sizes=\"(max-width: 500px) 100vw, 500px\" width=\"500\" height=\"333\"  data-dt-location=\"https:\/\/asr-baulogistik.de\/con0081-jpg\/\" style=\"--ratio: 500 \/ 333;\" alt=\"\" \/><\/div><\/div><\/div><div id=\"ultimate-heading-384669dece62656f6\" class=\"uvc-heading ult-adjust-bottom-margin ultimate-heading-384669dece62656f6 uvc-7889 \" data-hspacer=\"no_spacer\"  data-halign=\"center\" style=\"text-align:center\"><div class=\"uvc-heading-spacer no_spacer\" style=\"top\"><\/div><div class=\"uvc-main-heading ult-responsive\"  data-ultimate-target='.uvc-heading.ultimate-heading-384669dece62656f6 h3'  data-responsive-json-new='{\"font-size\":\"desktop:18px;\",\"line-height\":\"desktop:28px;\"}' ><h3 style=\"font-weight:700;margin-bottom:10px;\">Planungsmanagement<\/h3><\/div><div class=\"uvc-sub-heading ult-responsive\"  data-ultimate-target='.uvc-heading.ultimate-heading-384669dece62656f6 .uvc-sub-heading '  data-responsive-json-new='{\"font-size\":\"desktop:14px;\",\"line-height\":\"desktop:26px;\"}'  style=\"font-weight:normal;margin-bottom:20px;\">Jede Baustelle wird so gemanagt, dass alle beteiligten Parteien zur Planung hinzugezogen und ihre Beitr\u00e4ge angemessen gewichtet werden. Daher betrifft das Planungsmanagement\u00a0 Bauherrn, Bauleitung und Baulogistikkoordinator und die Zusammenarbeit zwischen den einzelnen Stellvertretern der Bauherren, die Architekten und alle anderen Projektbeteiligten: s\u00e4mtliche Informationen und Dokumente sind digital abgelegt, f\u00fcr alle Beteiligten zentral verf\u00fcgbar und optimal sortiert. Perfekte Organisation \u2013 f\u00fcr eine reibungslose Zusammenarbeit!<\/div><\/div><style type=\"text\/css\" data-type=\"the7_shortcodes-inline-css\">#default-btn-3403540de1b78e0171593d7711100b01.ico-right-side > i {\n  margin-right: 0px;\n  margin-left: 8px;\n}\n#default-btn-3403540de1b78e0171593d7711100b01 > i {\n  margin-right: 8px;\n}<\/style><a href=\"#\" class=\"default-btn-shortcode dt-btn dt-btn-s link-hover-off btn-inline-left \" id=\"default-btn-3403540de1b78e0171593d7711100b01\"><span>Sicherheitskoordination<\/span><\/a>[\/vc_column][\/vc_row]<\/p>\n<\/div>","protected":false},"excerpt":{"rendered":"<p>[vc_row equal_height=&#8220;yes&#8220; type=&#8220;vc_default&#8220; css=&#8220;.vc_custom_1493832879938{padding-top: 70px !important;padding-bottom: 30px !important;}&#8220;][vc_column][\/vc_column][\/vc_row]<\/p>\n","protected":false},"author":1,"featured_media":0,"parent":1235,"menu_order":0,"comment_status":"closed","ping_status":"closed","template":"","meta":{"footnotes":""},"class_list":["post-1416","page","type-page","status-publish","hentry"],"jetpack_sharing_enabled":true,"_links":{"self":[{"href":"https:\/\/asr-baulogistik.de\/index.php\/wp-json\/wp\/v2\/pages\/1416","targetHints":{"allow":["GET"]}}],"collection":[{"href":"https:\/\/asr-baulogistik.de\/index.php\/wp-json\/wp\/v2\/pages"}],"about":[{"href":"https:\/\/asr-baulogistik.de\/index.php\/wp-json\/wp\/v2\/types\/page"}],"author":[{"embeddable":true,"href":"https:\/\/asr-baulogistik.de\/index.php\/wp-json\/wp\/v2\/users\/1"}],"replies":[{"embeddable":true,"href":"https:\/\/asr-baulogistik.de\/index.php\/wp-json\/wp\/v2\/comments?post=1416"}],"version-history":[{"count":6,"href":"https:\/\/asr-baulogistik.de\/index.php\/wp-json\/wp\/v2\/pages\/1416\/revisions"}],"predecessor-version":[{"id":1480,"href":"https:\/\/asr-baulogistik.de\/index.php\/wp-json\/wp\/v2\/pages\/1416\/revisions\/1480"}],"up":[{"embeddable":true,"href":"https:\/\/asr-baulogistik.de\/index.php\/wp-json\/wp\/v2\/pages\/1235"}],"wp:attachment":[{"href":"https:\/\/asr-baulogistik.de\/index.php\/wp-json\/wp\/v2\/media?parent=1416"}],"curies":[{"name":"wp","href":"https:\/\/api.w.org\/{rel}","templated":true}]}}