{"id":1208,"date":"2019-09-21T22:38:18","date_gmt":"2019-09-21T22:38:18","guid":{"rendered":"https:\/\/the7.io\/construction\/?page_id=27"},"modified":"2021-04-26T11:51:22","modified_gmt":"2021-04-26T11:51:22","slug":"services","status":"publish","type":"page","link":"https:\/\/asr-baulogistik.de\/index.php\/services\/","title":{"rendered":"Unsere Dienstleistungen"},"content":{"rendered":"<div class=\"wpb-content-wrapper\"><p>[vc_row gap=&#8220;30&#8243; equal_height=&#8220;yes&#8220; type=&#8220;vc_default&#8220; css=&#8220;.vc_custom_1495105796691{padding-top: 70px !important;padding-right: 25px !important;padding-bottom: 70px !important;padding-left: 25px !important;}&#8220;][vc_column width=&#8220;1\/2&#8243; css=&#8220;.vc_custom_1578745232578{padding-top: 0px !important;padding-right: 0px !important;padding-bottom: 0px !important;padding-left: 0px !important;background-color: rgba(0,0,0,0.04) !important;*background-color: rgb(0,0,0) !important;}&#8220;]<style type=\"text\/css\" data-type=\"the7_shortcodes-inline-css\">.shortcode-single-image-wrap.shortcode-single-image-867983f6f629ed03538c1e86cdf83ffc.enable-bg-rollover .rollover i,\n.shortcode-single-image-wrap.shortcode-single-image-867983f6f629ed03538c1e86cdf83ffc.enable-bg-rollover .rollover-video i {\n  background: -webkit-linear-gradient();\n  background: linear-gradient();\n}\n.shortcode-single-image-wrap.shortcode-single-image-867983f6f629ed03538c1e86cdf83ffc .rollover-icon {\n  font-size: 32px;\n  color: #ffffff;\n  min-width: 50px;\n  min-height: 50px;\n  line-height: 50px;\n  border-radius: 100px;\n  border-style: solid;\n  border-width: 4px;\n  border-color: #ffffff;\n}\n.dt-icon-bg-on.shortcode-single-image-wrap.shortcode-single-image-867983f6f629ed03538c1e86cdf83ffc .rollover-icon {\n  background: rgba(255,255,255,0.3);\n  box-shadow: none;\n}<\/style><div class=\"shortcode-single-image-wrap shortcode-single-image-867983f6f629ed03538c1e86cdf83ffc alignnone  enable-bg-rollover dt-icon-bg-off\" style=\"margin-top:0px; margin-bottom:0px; margin-left:0px; margin-right:0px; width:900px;\"><div class=\"shortcode-single-image\"><div class=\"fancy-media-wrap\" style=\"\"><a href=\"\/construction\/services\/construction-service-page\/\" class=\" layzr-bg rollover\" style=\"\" aria-label=\"Image\"><img fetchpriority=\"high\" decoding=\"async\" class=\"preload-me lazy-load aspect\" src=\"data:image\/svg+xml,%3Csvg%20xmlns%3D&#39;http%3A%2F%2Fwww.w3.org%2F2000%2Fsvg&#39;%20viewBox%3D&#39;0%200%20900%20600&#39;%2F%3E\" data-src=\"https:\/\/asr-baulogistik.de\/wp-content\/uploads\/2020\/01\/con061-900x600.jpg\" data-srcset=\"https:\/\/asr-baulogistik.de\/wp-content\/uploads\/2020\/01\/con061-900x600.jpg 900w, https:\/\/asr-baulogistik.de\/wp-content\/uploads\/2020\/01\/con061.jpg 1500w\" loading=\"eager\" style=\"--ratio: 900 \/ 600\" sizes=\"(max-width: 900px) 100vw, 900px\" width=\"900\" height=\"600\"  data-dt-location=\"https:\/\/asr-baulogistik.de\/index.php\/wartungsarbeiten\/home\/con061\/\" alt=\"\" \/><span class=\"rollover-icon icomoon-the7-font-the7-plus-02\"><\/span><\/a><\/div><\/div><\/div>[vc_column_text css=&#8220;.vc_custom_1619437872535{padding-bottom: 20px !important;}&#8220;]<\/p>\n<ul>\n<li>\n<ul>\n<li><strong><u>Entsorgungslogistik<\/u><\/strong><\/li>\n<li><strong><u>Zutrittskontrolle<\/u><\/strong><\/li>\n<li><strong><u>Baustelleninfrastruktur<\/u><\/strong><\/li>\n<li><strong><u>Logistikkoordination<\/u><\/strong><\/li>\n<li><strong><u>Objektbewachung<\/u><\/strong><\/li>\n<li><strong><u>Baustellenbewachung<\/u><\/strong><\/li>\n<li><strong><u>Brandsch\u00fctzer<\/u><\/strong><\/li>\n<li><strong><u>Fl\u00e4chenmanagement<\/u><\/strong><\/li>\n<li><strong><u>Bauhelfer<\/u><\/strong><\/li>\n<li><strong><u>Zusatzqualifikation Sanit\u00e4ter<\/u><\/strong><\/li>\n<li><strong><u>Torwache<\/u><\/strong><\/li>\n<li><strong><u>Revierkontrolle<\/u><\/strong><\/li>\n<li><strong><u>Verst\u00e4rkung Au\u00dfendienst Be Fl\u00e4chen Einweiser Anlieferung<\/u><\/strong><\/li>\n<\/ul>\n<\/li>\n<\/ul>\n<h4><strong>Wir freuen uns darauf, Ihre Firma mit unseren Leistungen und unserer Kompetenz bei Ihren jeweiligen Projekten zu unterst\u00fctzen.<\/strong><\/h4>\n<p>[\/vc_column_text]<style type=\"text\/css\" data-type=\"the7_shortcodes-inline-css\">#default-btn-6fbbb143733f2f7ff6d9b52029f49e29.ico-right-side > i {\n  margin-right: 0px;\n  margin-left: 8px;\n}\n#default-btn-6fbbb143733f2f7ff6d9b52029f49e29 > i {\n  margin-right: 8px;\n}<\/style><a href=\"http:\/\/the7.io\/construction\/services\/construction-service-page\/\" class=\"default-btn-shortcode dt-btn dt-btn-m link-hover-off btn-inline-left \" id=\"default-btn-6fbbb143733f2f7ff6d9b52029f49e29\"><span>Read More<\/span><\/a>[\/vc_column][\/vc_row]<\/p>\n<\/div>","protected":false},"excerpt":{"rendered":"<p>[vc_row gap=&#8220;30&#8243; equal_height=&#8220;yes&#8220; type=&#8220;vc_default&#8220; css=&#8220;.vc_custom_1495105796691{padding-top: 70px !important;padding-right: 25px !important;padding-bottom: 70px !important;padding-left: 25px !important;}&#8220;][vc_column width=&#8220;1\/2&#8243; css=&#8220;.vc_custom_1578745232578{padding-top: 0px !important;padding-right: 0px !important;padding-bottom: 0px !important;padding-left: 0px !important;background-color: rgba(0,0,0,0.04) !important;*background-color: rgb(0,0,0) !important;}&#8220;][vc_column_text css=&#8220;.vc_custom_1619437872535{padding-bottom: 20px !important;}&#8220;] Entsorgungslogistik Zutrittskontrolle Baustelleninfrastruktur Logistikkoordination Objektbewachung Baustellenbewachung Brandsch\u00fctzer Fl\u00e4chenmanagement Bauhelfer Zusatzqualifikation Sanit\u00e4ter Torwache Revierkontrolle Verst\u00e4rkung Au\u00dfendienst Be Fl\u00e4chen Einweiser Anlieferung Wir freuen uns darauf, Ihre Firma&hellip;<\/p>\n","protected":false},"author":1,"featured_media":0,"parent":0,"menu_order":2,"comment_status":"closed","ping_status":"closed","template":"","meta":{"footnotes":""},"class_list":["post-1208","page","type-page","status-publish","hentry","description-off"],"jetpack_sharing_enabled":true,"_links":{"self":[{"href":"https:\/\/asr-baulogistik.de\/index.php\/wp-json\/wp\/v2\/pages\/1208","targetHints":{"allow":["GET"]}}],"collection":[{"href":"https:\/\/asr-baulogistik.de\/index.php\/wp-json\/wp\/v2\/pages"}],"about":[{"href":"https:\/\/asr-baulogistik.de\/index.php\/wp-json\/wp\/v2\/types\/page"}],"author":[{"embeddable":true,"href":"https:\/\/asr-baulogistik.de\/index.php\/wp-json\/wp\/v2\/users\/1"}],"replies":[{"embeddable":true,"href":"https:\/\/asr-baulogistik.de\/index.php\/wp-json\/wp\/v2\/comments?post=1208"}],"version-history":[{"count":9,"href":"https:\/\/asr-baulogistik.de\/index.php\/wp-json\/wp\/v2\/pages\/1208\/revisions"}],"predecessor-version":[{"id":1334,"href":"https:\/\/asr-baulogistik.de\/index.php\/wp-json\/wp\/v2\/pages\/1208\/revisions\/1334"}],"wp:attachment":[{"href":"https:\/\/asr-baulogistik.de\/index.php\/wp-json\/wp\/v2\/media?parent=1208"}],"curies":[{"name":"wp","href":"https:\/\/api.w.org\/{rel}","templated":true}]}}