{"id":1207,"date":"2019-09-01T01:53:06","date_gmt":"2019-09-01T01:53:06","guid":{"rendered":"https:\/\/the7.io\/construction\/?page_id=2"},"modified":"2021-04-26T10:14:03","modified_gmt":"2021-04-26T10:14:03","slug":"home","status":"publish","type":"page","link":"https:\/\/asr-baulogistik.de\/","title":{"rendered":"Home"},"content":{"rendered":"<div class=\"wpb-content-wrapper\"><p>[vc_row equal_height=&#8220;yes&#8220; type=&#8220;vc_default&#8220; css=&#8220;.vc_custom_1493832879938{padding-top: 70px !important;padding-bottom: 30px !important;}&#8220;][vc_column]<div id=\"ultimate-heading-425869debe2715db0\" class=\"uvc-heading ult-adjust-bottom-margin ultimate-heading-425869debe2715db0 uvc-5766 accent-border-color\" data-hspacer=\"line_only\"  data-halign=\"left\" style=\"text-align:left\"><div class=\"uvc-main-heading ult-responsive\"  data-ultimate-target='.uvc-heading.ultimate-heading-425869debe2715db0 h2'  data-responsive-json-new='{\"font-size\":\"desktop:26px;\",\"line-height\":\"desktop:36px;\"}' ><h2 style=\"font-weight:bold;\">\u00dcber uns<\/h2><\/div><div class=\"uvc-heading-spacer line_only\" style=\"margin-top:15px;margin-bottom:50px;height:4px;\"><span class=\"uvc-headings-line\" style=\"border-style:solid;border-bottom-width:4px;border-color:;width:50px;\"><\/span><\/div><\/div>[\/vc_column][vc_column width=&#8220;1\/3&#8243; css=&#8220;.vc_custom_1493730770993{padding-bottom: 50px !important;}&#8220;]<style type=\"text\/css\" data-type=\"the7_shortcodes-inline-css\">.shortcode-single-image-wrap.shortcode-single-image-81751b312b5d645c7919a4b6e793621b.enable-bg-rollover .rollover i,\n.shortcode-single-image-wrap.shortcode-single-image-81751b312b5d645c7919a4b6e793621b.enable-bg-rollover .rollover-video i {\n  background: -webkit-linear-gradient();\n  background: linear-gradient();\n}\n.shortcode-single-image-wrap.shortcode-single-image-81751b312b5d645c7919a4b6e793621b .rollover-icon {\n  font-size: 32px;\n  color: #ffffff;\n  min-width: 44px;\n  min-height: 44px;\n  line-height: 44px;\n  border-radius: 100px;\n  border-style: solid;\n  border-width: 0px;\n}\n.dt-icon-bg-on.shortcode-single-image-wrap.shortcode-single-image-81751b312b5d645c7919a4b6e793621b .rollover-icon {\n  background: rgba(255,255,255,0.3);\n  box-shadow: none;\n}<\/style><div class=\"shortcode-single-image-wrap shortcode-single-image-81751b312b5d645c7919a4b6e793621b alignnone  vc_custom_1618749250837 enable-bg-rollover dt-icon-bg-off\" ><div class=\"shortcode-single-image\"><div class=\"fancy-media-wrap\" style=\"\"><a href=\"https:\/\/the7.io\/construction\/about-us\/\" class=\" layzr-bg rollover\" style=\"\" aria-label=\"Image\"><img fetchpriority=\"high\" decoding=\"async\" class=\"preload-me lazy-load aspect\" src=\"data:image\/svg+xml,%3Csvg%20xmlns%3D&#39;http%3A%2F%2Fwww.w3.org%2F2000%2Fsvg&#39;%20viewBox%3D&#39;0%200%20900%20600&#39;%2F%3E\" data-src=\"https:\/\/asr-baulogistik.de\/wp-content\/uploads\/2016\/06\/25278_50064-900x600.jpg\" data-srcset=\"https:\/\/asr-baulogistik.de\/wp-content\/uploads\/2016\/06\/25278_50064-900x600.jpg 900w, https:\/\/asr-baulogistik.de\/wp-content\/uploads\/2016\/06\/25278_50064.jpg 1180w\" loading=\"eager\" style=\"--ratio: 900 \/ 600\" sizes=\"(max-width: 900px) 100vw, 900px\" width=\"900\" height=\"600\"  data-dt-location=\"https:\/\/asr-baulogistik.de\/index.php\/dt_team\/bill-sanders\/25278_50064\/\" alt=\"\" \/><\/a><\/div><\/div><\/div><div id=\"ultimate-heading-888769debe271747c\" class=\"uvc-heading ult-adjust-bottom-margin ultimate-heading-888769debe271747c uvc-62 \" data-hspacer=\"no_spacer\"  data-halign=\"left\" style=\"text-align:left\"><div class=\"uvc-heading-spacer no_spacer\" style=\"top\"><\/div><div class=\"uvc-main-heading ult-responsive\"  data-ultimate-target='.uvc-heading.ultimate-heading-888769debe271747c h3'  data-responsive-json-new='{\"font-size\":\"desktop:18px;\",\"line-height\":\"desktop:28px;\"}' ><h3 style=\"font-weight:bold;margin-bottom:10px;\">ASR-Gr\u00fcndungsgeschichte<\/h3><\/div><\/div>[vc_column_text css=&#8220;.vc_custom_1619253089460{padding-bottom: 20px !important;}&#8220;]Seit seiner Gr\u00fcndung im Jahr 2019 hat sich ASR zu einem mittelst\u00e4ndischen Unternehmen mit mehr als 15 Mitarbeitern und einem zunehmend an Bedeutung gewinnenden Anbieter im Bereich der Baulogistik in Deutschland entwickelt. Neben dem Hauptsitz in M\u00fcnchen ist ASR mit diversen Standorten in Baden W\u00fcrttemberg vertreten. Zu den Kernkompetenzen des Unternehmens geh\u00f6ren Planung, Ausr\u00fcstung sowie Betrieb und logistische Steuerung von Gro\u00dfbaustellen. Erg\u00e4nzt werden diese Aufgabenbereiche durch Planungsleistungen, Baustelleneinrichtungen und Bewachungsleistungen sowie weitere kundenorientierte Themen.[\/vc_column_text]<style type=\"text\/css\" data-type=\"the7_shortcodes-inline-css\">#default-btn-85ac9262a755ad157617925a246cdef6.ico-right-side > i {\n  margin-right: 0px;\n  margin-left: 8px;\n}\n#default-btn-85ac9262a755ad157617925a246cdef6 > i {\n  margin-right: 8px;\n}<\/style><a href=\"http:\/\/the7.io\/construction\/dt_slideshow\/about-us\/\" class=\"default-btn-shortcode dt-btn dt-btn-s link-hover-off btn-inline-left \" id=\"default-btn-85ac9262a755ad157617925a246cdef6\"><span>About Us<\/span><\/a>[\/vc_column][vc_column width=&#8220;1\/3&#8243; css=&#8220;.vc_custom_1493730766899{padding-bottom: 50px !important;}&#8220;]<style type=\"text\/css\" data-type=\"the7_shortcodes-inline-css\">.shortcode-single-image-wrap.shortcode-single-image-0d5da4e0740c23974a21941526723944.enable-bg-rollover .rollover i,\n.shortcode-single-image-wrap.shortcode-single-image-0d5da4e0740c23974a21941526723944.enable-bg-rollover .rollover-video i {\n  background: -webkit-linear-gradient();\n  background: linear-gradient();\n}\n.shortcode-single-image-wrap.shortcode-single-image-0d5da4e0740c23974a21941526723944 .rollover-icon {\n  font-size: 32px;\n  color: #ffffff;\n  min-width: 44px;\n  min-height: 44px;\n  line-height: 44px;\n  border-radius: 100px;\n  border-style: solid;\n  border-width: 0px;\n}\n.dt-icon-bg-on.shortcode-single-image-wrap.shortcode-single-image-0d5da4e0740c23974a21941526723944 .rollover-icon {\n  background: rgba(255,255,255,0.3);\n  box-shadow: none;\n}<\/style><div class=\"shortcode-single-image-wrap shortcode-single-image-0d5da4e0740c23974a21941526723944 alignnone  vc_custom_1578766223139 enable-bg-rollover dt-icon-bg-off\" ><div class=\"shortcode-single-image\"><div class=\"fancy-media-wrap\" style=\"\"><a href=\"https:\/\/the7.io\/construction\/services\/\" class=\" layzr-bg rollover\" style=\"\" aria-label=\"Image\"><img decoding=\"async\" class=\"preload-me lazy-load aspect\" src=\"data:image\/svg+xml,%3Csvg%20xmlns%3D&#39;http%3A%2F%2Fwww.w3.org%2F2000%2Fsvg&#39;%20viewBox%3D&#39;0%200%20900%20600&#39;%2F%3E\" data-src=\"https:\/\/asr-baulogistik.de\/wp-content\/uploads\/2020\/01\/con015-900x600.jpg\" data-srcset=\"https:\/\/asr-baulogistik.de\/wp-content\/uploads\/2020\/01\/con015-900x600.jpg 900w, https:\/\/asr-baulogistik.de\/wp-content\/uploads\/2020\/01\/con015.jpg 1500w\" loading=\"eager\" style=\"--ratio: 900 \/ 600\" sizes=\"(max-width: 900px) 100vw, 900px\" width=\"900\" height=\"600\"  data-dt-location=\"https:\/\/asr-baulogistik.de\/index.php\/services\/con015\/\" alt=\"\" \/><\/a><\/div><\/div><\/div><div id=\"ultimate-heading-524769debe2718812\" class=\"uvc-heading ult-adjust-bottom-margin ultimate-heading-524769debe2718812 uvc-122 \" data-hspacer=\"no_spacer\"  data-halign=\"left\" style=\"text-align:left\"><div class=\"uvc-heading-spacer no_spacer\" style=\"top\"><\/div><div class=\"uvc-main-heading ult-responsive\"  data-ultimate-target='.uvc-heading.ultimate-heading-524769debe2718812 h3'  data-responsive-json-new='{\"font-size\":\"desktop:18px;\",\"line-height\":\"desktop:28px;\"}' ><h3 style=\"font-weight:bold;margin-bottom:10px;\">Unsere Dienstleistungen<\/h3><\/div><\/div>[vc_column_text css=&#8220;.vc_custom_1619253367673{padding-bottom: 20px !important;}&#8220;]Unsere zentralen Dienstleistungen im \u00dcberblick:<\/p>\n<ul>\n<li>Objektbewachung<\/li>\n<li>Entsorgungslogistik<\/li>\n<li>Logistikkoordination<\/li>\n<li>Zutrittskontrolle<\/li>\n<li>Baustelleninfrastruktur<\/li>\n<li>Baustellenbewachung<\/li>\n<li>Brandsch\u00fctzer<\/li>\n<li>Fl\u00e4chenmanagement<\/li>\n<li>Bauhelfer<\/li>\n<li>Zusatzqualifikation Sanit\u00e4ter<\/li>\n<li>Torwache<\/li>\n<li>Revierkontrolle<\/li>\n<li>Verst\u00e4rkung Au\u00dfendienst BE-Fl\u00e4chen Einweiser Anlieferungen<\/li>\n<\/ul>\n<p>[\/vc_column_text]<style type=\"text\/css\" data-type=\"the7_shortcodes-inline-css\">#default-btn-ef1cce50b4b536a9d94c5e5f44ac6831.ico-right-side > i {\n  margin-right: 0px;\n  margin-left: 8px;\n}\n#default-btn-ef1cce50b4b536a9d94c5e5f44ac6831 > i {\n  margin-right: 8px;\n}<\/style><a href=\"http:\/\/the7.io\/construction\/services\/\" class=\"default-btn-shortcode dt-btn dt-btn-s link-hover-off btn-inline-left \" id=\"default-btn-ef1cce50b4b536a9d94c5e5f44ac6831\"><span>View Services<\/span><\/a>[\/vc_column][vc_column width=&#8220;1\/3&#8243; css=&#8220;.vc_custom_1493730776714{padding-bottom: 50px !important;}&#8220;]<style type=\"text\/css\" data-type=\"the7_shortcodes-inline-css\">.shortcode-single-image-wrap.shortcode-single-image-204d734eb66c7054e58dbdc96686e5ef.enable-bg-rollover .rollover i,\n.shortcode-single-image-wrap.shortcode-single-image-204d734eb66c7054e58dbdc96686e5ef.enable-bg-rollover .rollover-video i {\n  background: -webkit-linear-gradient();\n  background: linear-gradient();\n}\n.shortcode-single-image-wrap.shortcode-single-image-204d734eb66c7054e58dbdc96686e5ef .rollover-icon {\n  font-size: 32px;\n  color: #ffffff;\n  min-width: 44px;\n  min-height: 44px;\n  line-height: 44px;\n  border-radius: 100px;\n  border-style: solid;\n  border-width: 0px;\n}\n.dt-icon-bg-on.shortcode-single-image-wrap.shortcode-single-image-204d734eb66c7054e58dbdc96686e5ef .rollover-icon {\n  background: rgba(255,255,255,0.3);\n  box-shadow: none;\n}<\/style><div class=\"shortcode-single-image-wrap shortcode-single-image-204d734eb66c7054e58dbdc96686e5ef alignnone  vc_custom_1618774478348 enable-bg-rollover dt-icon-bg-off\" ><div class=\"shortcode-single-image\"><div class=\"fancy-media-wrap\" style=\"\"><a href=\"https:\/\/the7.io\/construction\/about-us\/partners\/\" class=\" layzr-bg rollover\" style=\"\" aria-label=\"Image\"><img decoding=\"async\" class=\"preload-me lazy-load aspect\" src=\"data:image\/svg+xml,%3Csvg%20xmlns%3D&#39;http%3A%2F%2Fwww.w3.org%2F2000%2Fsvg&#39;%20viewBox%3D&#39;0%200%20274%20183&#39;%2F%3E\" data-src=\"https:\/\/asr-baulogistik.de\/wp-content\/uploads\/2016\/06\/Container.jpg\" data-srcset=\"https:\/\/asr-baulogistik.de\/wp-content\/uploads\/2016\/06\/Container.jpg 274w\" loading=\"eager\" style=\"--ratio: 274 \/ 183\" sizes=\"(max-width: 274px) 100vw, 274px\" width=\"274\" height=\"183\"  data-dt-location=\"https:\/\/asr-baulogistik.de\/index.php\/dt_team\/bill-sanders\/container\/\" alt=\"\" \/><\/a><\/div><\/div><\/div><div id=\"ultimate-heading-3269debe27198e7\" class=\"uvc-heading ult-adjust-bottom-margin ultimate-heading-3269debe27198e7 uvc-7451 \" data-hspacer=\"no_spacer\"  data-halign=\"left\" style=\"text-align:left\"><div class=\"uvc-heading-spacer no_spacer\" style=\"top\"><\/div><div class=\"uvc-main-heading ult-responsive\"  data-ultimate-target='.uvc-heading.ultimate-heading-3269debe27198e7 h3'  data-responsive-json-new='{\"font-size\":\"desktop:18px;\",\"line-height\":\"desktop:28px;\"}' ><h3 style=\"font-weight:bold;margin-bottom:10px;\">Unsere Partner<\/h3><\/div><\/div>[vc_column_text css=&#8220;.vc_custom_1619253677881{padding-bottom: 20px !important;}&#8220;]Wir kooperieren mit verschiedenen Gesch\u00e4ftspartnern auf unterschiedlichen Ebenen, um unsere Kunden und Gesch\u00e4fte stets zu optimieren.<\/p>\n<p>Unser Ziel ist es, flexibel auf unterschiedlichste Situationen zu reagieren, dabei best\u00e4ndig einen hohen Standard zu liefern und die Zufriedenheit der Kunden zu gew\u00e4hrleisten.[\/vc_column_text]<style type=\"text\/css\" data-type=\"the7_shortcodes-inline-css\">#default-btn-e647fe2dd31e8bf4fe14ac9486b6673d.ico-right-side > i {\n  margin-right: 0px;\n  margin-left: 8px;\n}\n#default-btn-e647fe2dd31e8bf4fe14ac9486b6673d > i {\n  margin-right: 8px;\n}<\/style><a href=\"http:\/\/the7.io\/construction\/about-us\/partners\/\" class=\"default-btn-shortcode dt-btn dt-btn-s link-hover-off btn-inline-left \" id=\"default-btn-e647fe2dd31e8bf4fe14ac9486b6673d\"><span>View Partners<\/span><\/a>[\/vc_column][\/vc_row][vc_row equal_height=&#8220;yes&#8220; bg_type=&#8220;bg_color&#8220; bg_override=&#8220;full&#8220; type=&#8220;vc_default&#8220; css=&#8220;.vc_custom_1578766405065{padding-top: 70px !important;padding-right: 25px !important;padding-bottom: 80px !important;padding-left: 25px !important;}&#8220; el_class=&#8220;custom_services&#8220; bg_color_value=&#8220;rgba(0,0,0,0.04)&#8220;][vc_column css=&#8220;.vc_custom_1467547193109{padding-right: 0px !important;padding-bottom: 5px !important;padding-left: 0px !important;}&#8220;]<div id=\"ultimate-heading-171469debe2719a93\" class=\"uvc-heading ult-adjust-bottom-margin ultimate-heading-171469debe2719a93 uvc-5203 accent-border-color\" data-hspacer=\"line_only\"  data-halign=\"left\" style=\"text-align:left\"><div class=\"uvc-main-heading ult-responsive\"  data-ultimate-target='.uvc-heading.ultimate-heading-171469debe2719a93 h2'  data-responsive-json-new='{\"font-size\":\"desktop:26px;\",\"line-height\":\"desktop:36px;\"}' ><h2 style=\"font-weight:bold;\">Referenzen von gro\u00dfen Projekte<\/h2><\/div><div class=\"uvc-heading-spacer line_only\" style=\"margin-top:15px;margin-bottom:50px;height:4px;\"><span class=\"uvc-headings-line\" style=\"border-style:solid;border-bottom-width:4px;border-color:;width:50px;\"><\/span><\/div><div class=\"uvc-sub-heading ult-responsive\"  data-ultimate-target='.uvc-heading.ultimate-heading-171469debe2719a93 .uvc-sub-heading '  data-responsive-json-new='{\"font-size\":\"desktop:16px;\",\"line-height\":\"desktop:28px;\"}'  style=\"font-weight:normal;\"><\/p>\n<ol>\n<li>Duale Hochschule Baden-W\u00fcrttemberg (DHBW), Stuttgart 2019<\/li>\n<li>Daimler Benz AG, Geb\u00e4ude 84\/Forschungszentrum, Sindelfingen (2020 laufend)<\/li>\n<li>Einkaufszentrum \u201eagnes\u201c, G\u00f6ppingen (aktuell 2021)<\/li>\n<li>Porschezentrum Stuttgart-Zuffenhausen (2020)<\/li>\n<\/ol>\n<p><\/div><\/div>[\/vc_column][\/vc_row]<\/p>\n<\/div>","protected":false},"excerpt":{"rendered":"<p>[vc_row equal_height=&#8220;yes&#8220; type=&#8220;vc_default&#8220; css=&#8220;.vc_custom_1493832879938{padding-top: 70px !important;padding-bottom: 30px !important;}&#8220;][vc_column][\/vc_column][vc_column width=&#8220;1\/3&#8243; css=&#8220;.vc_custom_1493730770993{padding-bottom: 50px !important;}&#8220;][vc_column_text css=&#8220;.vc_custom_1619253089460{padding-bottom: 20px !important;}&#8220;]Seit seiner Gr\u00fcndung im Jahr 2019 hat sich ASR zu einem mittelst\u00e4ndischen Unternehmen mit mehr als 15 Mitarbeitern und einem zunehmend an Bedeutung gewinnenden Anbieter im Bereich der Baulogistik in Deutschland entwickelt. Neben dem Hauptsitz in M\u00fcnchen ist ASR mit diversen&hellip;<\/p>\n","protected":false},"author":1,"featured_media":0,"parent":1235,"menu_order":0,"comment_status":"closed","ping_status":"closed","template":"","meta":{"footnotes":""},"class_list":["post-1207","page","type-page","status-publish","hentry"],"jetpack_sharing_enabled":true,"_links":{"self":[{"href":"https:\/\/asr-baulogistik.de\/index.php\/wp-json\/wp\/v2\/pages\/1207","targetHints":{"allow":["GET"]}}],"collection":[{"href":"https:\/\/asr-baulogistik.de\/index.php\/wp-json\/wp\/v2\/pages"}],"about":[{"href":"https:\/\/asr-baulogistik.de\/index.php\/wp-json\/wp\/v2\/types\/page"}],"author":[{"embeddable":true,"href":"https:\/\/asr-baulogistik.de\/index.php\/wp-json\/wp\/v2\/users\/1"}],"replies":[{"embeddable":true,"href":"https:\/\/asr-baulogistik.de\/index.php\/wp-json\/wp\/v2\/comments?post=1207"}],"version-history":[{"count":17,"href":"https:\/\/asr-baulogistik.de\/index.php\/wp-json\/wp\/v2\/pages\/1207\/revisions"}],"predecessor-version":[{"id":1490,"href":"https:\/\/asr-baulogistik.de\/index.php\/wp-json\/wp\/v2\/pages\/1207\/revisions\/1490"}],"up":[{"embeddable":true,"href":"https:\/\/asr-baulogistik.de\/index.php\/wp-json\/wp\/v2\/pages\/1235"}],"wp:attachment":[{"href":"https:\/\/asr-baulogistik.de\/index.php\/wp-json\/wp\/v2\/media?parent=1207"}],"curies":[{"name":"wp","href":"https:\/\/api.w.org\/{rel}","templated":true}]}}